{"id":11,"date":"2013-11-19T13:31:42","date_gmt":"2013-11-19T18:31:42","guid":{"rendered":"https:\/\/cpe.espaceweb.usherbrooke.ca\/?page_id=11"},"modified":"2025-01-29T15:06:28","modified_gmt":"2025-01-29T20:06:28","slug":"extrait-de-la-regie-interne","status":"publish","type":"page","link":"https:\/\/cpe.espaceweb.usherbrooke.ca\/?page_id=11","title":{"rendered":"Extrait de la r\u00e9gie interne"},"content":{"rendered":"<p><strong>POLITIQUE D\u2019ADMISSION DES ENFANTS<\/strong><\/p>\n<p>L\u2019installation du CPE re\u00e7oit, \u00e0 temps plein ou partiel, les enfants de 3 mois \u00e0 5 ans de personnes travaillant ou \u00e9tudiant sur le campus. Cependant, le conseil d\u2019administration se r\u00e9serve le droit de limiter le nombre d\u2019inscriptions \u00e0 temps partiel \u00e0 la pouponni\u00e8re, pour assurer un meilleur fonctionnement. Une fois la priorit\u00e9 accord\u00e9e aux gens du campus, les places sont offertes \u00e0 la client\u00e8le hors campus.<\/p>\n<p>a) Lorsqu\u2019une place se lib\u00e8re, elle est offerte dans l\u2019ordre de priorit\u00e9 suivant, et dans chaque cas en donnant priorit\u00e9 aux inscriptions les plus anciennes, tout en tenant compte du groupe d\u2019\u00e2ge o\u00f9 la place se lib\u00e8re\u00a0:<\/p>\n<ol>\n<li>aux membres de la corporation du CPE qui d\u00e9sirent modifier leur contrat de garde, soit en augmentant le nombre de jours de fr\u00e9quentation au CPE, soit en demandant une place pour un nouvel enfant;<\/li>\n<li>aux membres employ\u00e9es permanentes qui d\u00e9sirent entrer leur premier enfant;<\/li>\n<li>aux personnes qui ont d\u00e9j\u00e0 \u00e9t\u00e9 membres de la corporation du CPE et qui sont encore travailleurs ou \u00e9tudiants sur le Campus principal. Le parent qui part pour un cong\u00e9 autre que des vacances (sans salaire, maladie, ch\u00f4mage etc.) perd sa place mais a priorit\u00e9 sur toutes les autres demandes faites pour la m\u00eame date;<\/li>\n<li>aux personnes travaillant ou \u00e9tudiant sur le Campus principal;<\/li>\n<li>aux personnes qui ont d\u00e9j\u00e0 \u00e9t\u00e9 membres de la corporation du CPE et qui ne sont plus travailleurs ou \u00e9tudiants sur le Campus principal;<\/li>\n<li>au reste de la population.<\/li>\n<\/ol>\n<p>b) Pour les places \u00e0 la pouponni\u00e8re, le CPE doit \u00e9galement tenir compte de la date du changement de groupe pour ne pas d\u00e9passer le nombre d\u2019enfants de plus de 24 mois pr\u00e9vu au permis.<\/p>\n","protected":false},"excerpt":{"rendered":"<p>POLITIQUE D\u2019ADMISSION DES ENFANTS L\u2019installation du CPE re\u00e7oit, \u00e0 temps plein ou partiel, les enfants de 3 mois \u00e0 5 ans de personnes travaillant ou \u00e9tudiant sur le campus. Cependant, le conseil d\u2019administration se r\u00e9serve le droit de limiter le nombre d\u2019inscriptions \u00e0 temps partiel \u00e0 la pouponni\u00e8re, pour assurer un meilleur fonctionnement. Une fois &hellip; <a href=\"https:\/\/cpe.espaceweb.usherbrooke.ca\/?page_id=11\" class=\"more-link\">Continuer la lecture de <span class=\"screen-reader-text\">Extrait de la r\u00e9gie interne<\/span> <span class=\"meta-nav\">&rarr;<\/span><\/a><\/p>\n","protected":false},"author":2,"featured_media":0,"parent":8,"menu_order":1,"comment_status":"closed","ping_status":"closed","template":"","meta":{"footnotes":""},"class_list":["post-11","page","type-page","status-publish","hentry"],"_links":{"self":[{"href":"https:\/\/cpe.espaceweb.usherbrooke.ca\/index.php?rest_route=\/wp\/v2\/pages\/11","targetHints":{"allow":["GET"]}}],"collection":[{"href":"https:\/\/cpe.espaceweb.usherbrooke.ca\/index.php?rest_route=\/wp\/v2\/pages"}],"about":[{"href":"https:\/\/cpe.espaceweb.usherbrooke.ca\/index.php?rest_route=\/wp\/v2\/types\/page"}],"author":[{"embeddable":true,"href":"https:\/\/cpe.espaceweb.usherbrooke.ca\/index.php?rest_route=\/wp\/v2\/users\/2"}],"replies":[{"embeddable":true,"href":"https:\/\/cpe.espaceweb.usherbrooke.ca\/index.php?rest_route=%2Fwp%2Fv2%2Fcomments&post=11"}],"version-history":[{"count":2,"href":"https:\/\/cpe.espaceweb.usherbrooke.ca\/index.php?rest_route=\/wp\/v2\/pages\/11\/revisions"}],"predecessor-version":[{"id":43,"href":"https:\/\/cpe.espaceweb.usherbrooke.ca\/index.php?rest_route=\/wp\/v2\/pages\/11\/revisions\/43"}],"up":[{"embeddable":true,"href":"https:\/\/cpe.espaceweb.usherbrooke.ca\/index.php?rest_route=\/wp\/v2\/pages\/8"}],"wp:attachment":[{"href":"https:\/\/cpe.espaceweb.usherbrooke.ca\/index.php?rest_route=%2Fwp%2Fv2%2Fmedia&parent=11"}],"curies":[{"name":"wp","href":"https:\/\/api.w.org\/{rel}","templated":true}]}}