{"id":17,"date":"2013-11-19T13:33:22","date_gmt":"2013-11-19T18:33:22","guid":{"rendered":"https:\/\/cpe.espaceweb.usherbrooke.ca\/?page_id=17"},"modified":"2025-01-29T15:06:40","modified_gmt":"2025-01-29T20:06:40","slug":"liens-utiles","status":"publish","type":"page","link":"https:\/\/cpe.espaceweb.usherbrooke.ca\/?page_id=17","title":{"rendered":"Liens utiles"},"content":{"rendered":"<table width=\"950\" border=\"0\" cellspacing=\"0\" cellpadding=\"0\" align=\"center\">\n<tbody>\n<tr>\n<td id=\"content\" align=\"left\" valign=\"top\" bgcolor=\"#ffffff\" width=\"700\">\nMinist\u00e8re de la Famille et des A\u00een\u00e9s\u00a0\u00a0<a href=\"http:\/\/www.mfa.gouv.qc.ca\/\" target=\"_blank\">http:\/\/www.mfa.gouv.qc.ca\/<\/a><\/p>\n<p>Association qu\u00e9b\u00e9coise des CPE (AQCPE)\u00a0<a href=\"http:\/\/www.aqcpe.com\/\" target=\"_blank\">http:\/\/www.aqcpe.com\/<\/a><\/p>\n<p>Regroupement des CPE des Cantons de l\u2019Est (RCPECE)\u00a0<a href=\"http:\/\/www.cpe-estrie.org\/\" target=\"_blank\">http:\/\/www.cpe-estrie.org\/<\/a><\/p>\n<p>Petit monde\u00a0<a href=\"http:\/\/www.petitmonde.com\/accueil.asp\" target=\"_blank\">http:\/\/www.petitmonde.com\/accueil.asp<\/a><\/td>\n<\/tr>\n<\/tbody>\n<\/table>\n","protected":false},"excerpt":{"rendered":"<p>Minist\u00e8re de la Famille et des A\u00een\u00e9s\u00a0\u00a0http:\/\/www.mfa.gouv.qc.ca\/ Association qu\u00e9b\u00e9coise des CPE (AQCPE)\u00a0http:\/\/www.aqcpe.com\/ Regroupement des CPE des Cantons de l\u2019Est (RCPECE)\u00a0http:\/\/www.cpe-estrie.org\/ Petit monde\u00a0http:\/\/www.petitmonde.com\/accueil.asp<\/p>\n","protected":false},"author":2,"featured_media":0,"parent":0,"menu_order":5,"comment_status":"closed","ping_status":"closed","template":"","meta":{"footnotes":""},"class_list":["post-17","page","type-page","status-publish","hentry"],"_links":{"self":[{"href":"https:\/\/cpe.espaceweb.usherbrooke.ca\/index.php?rest_route=\/wp\/v2\/pages\/17","targetHints":{"allow":["GET"]}}],"collection":[{"href":"https:\/\/cpe.espaceweb.usherbrooke.ca\/index.php?rest_route=\/wp\/v2\/pages"}],"about":[{"href":"https:\/\/cpe.espaceweb.usherbrooke.ca\/index.php?rest_route=\/wp\/v2\/types\/page"}],"author":[{"embeddable":true,"href":"https:\/\/cpe.espaceweb.usherbrooke.ca\/index.php?rest_route=\/wp\/v2\/users\/2"}],"replies":[{"embeddable":true,"href":"https:\/\/cpe.espaceweb.usherbrooke.ca\/index.php?rest_route=%2Fwp%2Fv2%2Fcomments&post=17"}],"version-history":[{"count":2,"href":"https:\/\/cpe.espaceweb.usherbrooke.ca\/index.php?rest_route=\/wp\/v2\/pages\/17\/revisions"}],"predecessor-version":[{"id":34,"href":"https:\/\/cpe.espaceweb.usherbrooke.ca\/index.php?rest_route=\/wp\/v2\/pages\/17\/revisions\/34"}],"wp:attachment":[{"href":"https:\/\/cpe.espaceweb.usherbrooke.ca\/index.php?rest_route=%2Fwp%2Fv2%2Fmedia&parent=17"}],"curies":[{"name":"wp","href":"https:\/\/api.w.org\/{rel}","templated":true}]}}