{"id":2,"date":"2013-11-19T18:14:33","date_gmt":"2013-11-19T18:14:33","guid":{"rendered":"https:\/\/cpe.espaceweb.usherbrooke.ca\/?page_id=2"},"modified":"2025-01-29T15:06:12","modified_gmt":"2025-01-29T20:06:12","slug":"page-d-exemple","status":"publish","type":"page","link":"https:\/\/cpe.espaceweb.usherbrooke.ca\/","title":{"rendered":"Accueil"},"content":{"rendered":"<div><a href=\"https:\/\/cpe.espaceweb.usherbrooke.ca\/wp-content\/uploads\/2013\/11\/Logo-CPE-200px.png\"><img loading=\"lazy\" decoding=\"async\" class=\"size-full wp-image-48 alignleft\" alt=\"Logo CPE\" src=\"https:\/\/cpe.espaceweb.usherbrooke.ca\/wp-content\/uploads\/2013\/11\/Logo-CPE-200px.png\" width=\"200\" height=\"121\" \/><\/a><\/div>\n<div>\n<div>\n<p>Le Centre de la petite enfance (CPE) Tout-petit, Toute-petite est situ\u00e9 sur le Campus principal de l\u2019Universit\u00e9 de Sherbrooke. Il privil\u00e9gie l\u2019accueil des enfants dont les parents travaillent ou \u00e9tudient sur le Campus principal de l\u2019Universit\u00e9.<\/p>\n<p>Le CPE Tout-petit, Toute-petit existe depuis mars 1981. D\u2019abord localis\u00e9 dans les r\u00e9sidences universitaires, il a \u00e9t\u00e9 relocalis\u00e9 en septembre 1996 dans les locaux qu\u2019il occupe actuellement, derri\u00e8re les r\u00e9sidences.<\/p>\n<p>Le CPE est une corporation sans but lucratif, incorpor\u00e9e selon la partie III de la Loi sur les compagnies du Qu\u00e9bec, et subventionn\u00e9e par le minist\u00e9re de la Famille et de l&rsquo;Enfance (MFE). Elle d\u00e9tient:<\/p>\n<ul>\n<li>un permis d&rsquo;op\u00e9ration du MFE de 64 places, dont 15 pour les poupons de 3 \u00e018 mois et 49 pour les enfants de 18 mois et plus jusqu&rsquo;\u00e0 l&rsquo;entr\u00e9e en premi\u00e9re ann\u00e9e.<\/li>\n<li>un permis d&rsquo;occupation de la municipalit\u00e9 de Sherbrooke;<\/li>\n<li>un certificat de conformit\u00e9 du minist\u00e8re du Travail, concernant la s\u00e9curit\u00e9 dans les \u00e9difices publics.<\/li>\n<\/ul>\n<p>La corporation est administr\u00e9e par un conseil d&rsquo;administration compos\u00e9 de neuf (9) administrateurs, dont une majorit\u00e9 de 2\/3 de parents (6) d&rsquo;enfants fr\u00e9quentant le centre de la petite enfance et qui ne sont pas des employ\u00e9s(es) dont les enfants fr\u00e9quentent le centre de la petite enfance.<\/p>\n<p>Le Centre de la petite enfance est membre du Regroupement des Centres de la petite enfance des Cantons de l&rsquo;Est. Les \u00e9ducatrices et \u00e9ducateurs sont membres du Syndicat des intervenantes en petite enfance de l\u2019Estrie (C.S.Q.).<\/p>\n<\/div>\n<\/div>\n","protected":false},"excerpt":{"rendered":"<p>Le Centre de la petite enfance (CPE) Tout-petit, Toute-petite est situ\u00e9 sur le Campus principal de l\u2019Universit\u00e9 de Sherbrooke. Il privil\u00e9gie l\u2019accueil des enfants dont les parents travaillent ou \u00e9tudient sur le Campus principal de l\u2019Universit\u00e9. Le CPE Tout-petit, Toute-petit existe depuis mars 1981. D\u2019abord localis\u00e9 dans les r\u00e9sidences universitaires, il a \u00e9t\u00e9 relocalis\u00e9 en &hellip; <a href=\"https:\/\/cpe.espaceweb.usherbrooke.ca\/\" class=\"more-link\">Continuer la lecture de <span class=\"screen-reader-text\">Accueil<\/span> <span class=\"meta-nav\">&rarr;<\/span><\/a><\/p>\n","protected":false},"author":2,"featured_media":0,"parent":0,"menu_order":1,"comment_status":"closed","ping_status":"closed","template":"","meta":{"footnotes":""},"class_list":["post-2","page","type-page","status-publish","hentry"],"_links":{"self":[{"href":"https:\/\/cpe.espaceweb.usherbrooke.ca\/index.php?rest_route=\/wp\/v2\/pages\/2","targetHints":{"allow":["GET"]}}],"collection":[{"href":"https:\/\/cpe.espaceweb.usherbrooke.ca\/index.php?rest_route=\/wp\/v2\/pages"}],"about":[{"href":"https:\/\/cpe.espaceweb.usherbrooke.ca\/index.php?rest_route=\/wp\/v2\/types\/page"}],"author":[{"embeddable":true,"href":"https:\/\/cpe.espaceweb.usherbrooke.ca\/index.php?rest_route=\/wp\/v2\/users\/2"}],"replies":[{"embeddable":true,"href":"https:\/\/cpe.espaceweb.usherbrooke.ca\/index.php?rest_route=%2Fwp%2Fv2%2Fcomments&post=2"}],"version-history":[{"count":6,"href":"https:\/\/cpe.espaceweb.usherbrooke.ca\/index.php?rest_route=\/wp\/v2\/pages\/2\/revisions"}],"predecessor-version":[{"id":52,"href":"https:\/\/cpe.espaceweb.usherbrooke.ca\/index.php?rest_route=\/wp\/v2\/pages\/2\/revisions\/52"}],"wp:attachment":[{"href":"https:\/\/cpe.espaceweb.usherbrooke.ca\/index.php?rest_route=%2Fwp%2Fv2%2Fmedia&parent=2"}],"curies":[{"name":"wp","href":"https:\/\/api.w.org\/{rel}","templated":true}]}}