{"id":4,"date":"2013-11-19T13:26:51","date_gmt":"2013-11-19T18:26:51","guid":{"rendered":"https:\/\/cpe.espaceweb.usherbrooke.ca\/?page_id=4"},"modified":"2025-01-29T15:06:18","modified_gmt":"2025-01-29T20:06:18","slug":"mission","status":"publish","type":"page","link":"https:\/\/cpe.espaceweb.usherbrooke.ca\/?page_id=4","title":{"rendered":"Mission"},"content":{"rendered":"<p>Notre mission est d\u2019offrir un service de garde, sur une base annuelle, aux enfants de 3 mois \u00e0 5 ans et prioritairement \u00e0 ceux dont l\u2019un des parents \u00e9tudie ou travaille sur le campus principal de l\u2019universit\u00e9 de Sherbrooke.<\/p>\n<p>L\u2019\u00e9troite collaboration parents-\u00e9ducatrices est mise de l\u2019avant afin d\u2019offrir un service de qualit\u00e9 r\u00e9pondant aux besoins de tous et chacun. Nous nous engageons \u00e0 offrir notre service dans un environnement sain, incluant une cuisine v\u00e9g\u00e9tarienne, o\u00f9 les enfants s\u2019\u00e9panouiront dans le respect d\u2019autrui.<\/p>\n<p>Pour r\u00e9ussir le tout nous misons sur notre personnel dynamique, enthousiaste, cr\u00e9atif et anim\u00e9 par l\u2019amour des enfants.<\/p>\n","protected":false},"excerpt":{"rendered":"<p>Notre mission est d\u2019offrir un service de garde, sur une base annuelle, aux enfants de 3 mois \u00e0 5 ans et prioritairement \u00e0 ceux dont l\u2019un des parents \u00e9tudie ou travaille sur le campus principal de l\u2019universit\u00e9 de Sherbrooke. L\u2019\u00e9troite collaboration parents-\u00e9ducatrices est mise de l\u2019avant afin d\u2019offrir un service de qualit\u00e9 r\u00e9pondant aux besoins &hellip; <a href=\"https:\/\/cpe.espaceweb.usherbrooke.ca\/?page_id=4\" class=\"more-link\">Continuer la lecture de <span class=\"screen-reader-text\">Mission<\/span> <span class=\"meta-nav\">&rarr;<\/span><\/a><\/p>\n","protected":false},"author":2,"featured_media":0,"parent":0,"menu_order":2,"comment_status":"closed","ping_status":"closed","template":"","meta":{"footnotes":""},"class_list":["post-4","page","type-page","status-publish","hentry"],"_links":{"self":[{"href":"https:\/\/cpe.espaceweb.usherbrooke.ca\/index.php?rest_route=\/wp\/v2\/pages\/4","targetHints":{"allow":["GET"]}}],"collection":[{"href":"https:\/\/cpe.espaceweb.usherbrooke.ca\/index.php?rest_route=\/wp\/v2\/pages"}],"about":[{"href":"https:\/\/cpe.espaceweb.usherbrooke.ca\/index.php?rest_route=\/wp\/v2\/types\/page"}],"author":[{"embeddable":true,"href":"https:\/\/cpe.espaceweb.usherbrooke.ca\/index.php?rest_route=\/wp\/v2\/users\/2"}],"replies":[{"embeddable":true,"href":"https:\/\/cpe.espaceweb.usherbrooke.ca\/index.php?rest_route=%2Fwp%2Fv2%2Fcomments&post=4"}],"version-history":[{"count":1,"href":"https:\/\/cpe.espaceweb.usherbrooke.ca\/index.php?rest_route=\/wp\/v2\/pages\/4\/revisions"}],"predecessor-version":[{"id":5,"href":"https:\/\/cpe.espaceweb.usherbrooke.ca\/index.php?rest_route=\/wp\/v2\/pages\/4\/revisions\/5"}],"wp:attachment":[{"href":"https:\/\/cpe.espaceweb.usherbrooke.ca\/index.php?rest_route=%2Fwp%2Fv2%2Fmedia&parent=4"}],"curies":[{"name":"wp","href":"https:\/\/api.w.org\/{rel}","templated":true}]}}