{"id":8,"date":"2013-11-19T13:30:02","date_gmt":"2013-11-19T18:30:02","guid":{"rendered":"https:\/\/cpe.espaceweb.usherbrooke.ca\/?page_id=8"},"modified":"2025-01-29T15:06:24","modified_gmt":"2025-01-29T20:06:24","slug":"politique-dadmission","status":"publish","type":"page","link":"https:\/\/cpe.espaceweb.usherbrooke.ca\/?page_id=8","title":{"rendered":"Politique d&rsquo;admission"},"content":{"rendered":"<p>Chaque ann\u00e9e, le CPE, qui a pour objectif de faciliter la vie des personnes \u00e9voluant sur le Campus principal de l\u2019Universit\u00e9 de Sherbrooke, accueille 14 nouveaux poupons et quelques enfants chez les 4 ans, dont un des parents \u00e9tudie ou travaille sur le campus.\u00a0De fa\u00e7on plus exceptionnelle, il est possible que des enfants soient admis dans d\u2019autres groupes le plus souvent \u00e0 temps partiel. Ces enfants sont choisis parmis ceux inscrits sur la liste d\u2019attente centralis\u00e9e du Regroupement des centres de la petite enfance des Cantons de l&rsquo;est (<a href=\"http:\/\/www.bila.ca\/\" target=\"_blank\">www.bila.ca<\/a>), par ordre d\u2019inscription et suivant l\u2019\u00e2ge de l\u2019enfant. Il est \u00e0 noter qu\u2019une priorit\u00e9 est accord\u00e9e aux enfants ayant d\u00e9j\u00e0 un fr\u00e8re ou une s\u0153ur au CPE et dont le parent est membre du CPE.<\/p>\n","protected":false},"excerpt":{"rendered":"<p>Chaque ann\u00e9e, le CPE, qui a pour objectif de faciliter la vie des personnes \u00e9voluant sur le Campus principal de l\u2019Universit\u00e9 de Sherbrooke, accueille 14 nouveaux poupons et quelques enfants chez les 4 ans, dont un des parents \u00e9tudie ou travaille sur le campus.\u00a0De fa\u00e7on plus exceptionnelle, il est possible que des enfants soient admis &hellip; <a href=\"https:\/\/cpe.espaceweb.usherbrooke.ca\/?page_id=8\" class=\"more-link\">Continuer la lecture de <span class=\"screen-reader-text\">Politique d&rsquo;admission<\/span> <span class=\"meta-nav\">&rarr;<\/span><\/a><\/p>\n","protected":false},"author":2,"featured_media":0,"parent":0,"menu_order":3,"comment_status":"closed","ping_status":"closed","template":"","meta":{"footnotes":""},"class_list":["post-8","page","type-page","status-publish","hentry"],"_links":{"self":[{"href":"https:\/\/cpe.espaceweb.usherbrooke.ca\/index.php?rest_route=\/wp\/v2\/pages\/8","targetHints":{"allow":["GET"]}}],"collection":[{"href":"https:\/\/cpe.espaceweb.usherbrooke.ca\/index.php?rest_route=\/wp\/v2\/pages"}],"about":[{"href":"https:\/\/cpe.espaceweb.usherbrooke.ca\/index.php?rest_route=\/wp\/v2\/types\/page"}],"author":[{"embeddable":true,"href":"https:\/\/cpe.espaceweb.usherbrooke.ca\/index.php?rest_route=\/wp\/v2\/users\/2"}],"replies":[{"embeddable":true,"href":"https:\/\/cpe.espaceweb.usherbrooke.ca\/index.php?rest_route=%2Fwp%2Fv2%2Fcomments&post=8"}],"version-history":[{"count":1,"href":"https:\/\/cpe.espaceweb.usherbrooke.ca\/index.php?rest_route=\/wp\/v2\/pages\/8\/revisions"}],"predecessor-version":[{"id":9,"href":"https:\/\/cpe.espaceweb.usherbrooke.ca\/index.php?rest_route=\/wp\/v2\/pages\/8\/revisions\/9"}],"wp:attachment":[{"href":"https:\/\/cpe.espaceweb.usherbrooke.ca\/index.php?rest_route=%2Fwp%2Fv2%2Fmedia&parent=8"}],"curies":[{"name":"wp","href":"https:\/\/api.w.org\/{rel}","templated":true}]}}